{"id":355,"date":"2019-07-10T12:50:30","date_gmt":"2019-07-10T10:50:30","guid":{"rendered":"http:\/\/cmc.cyclesetsports.free.fr\/?page_id=355"},"modified":"2019-07-10T12:50:30","modified_gmt":"2019-07-10T10:50:30","slug":"locations-de-velos","status":"publish","type":"page","link":"https:\/\/www.cmc-cycles.com\/?page_id=355","title":{"rendered":"LOCATIONS DE VELOS"},"content":{"rendered":"<p><strong>LOCATIONS DE VELOS &#8211; Demande d&rsquo;informations &#8211;<\/strong><\/p>\n<h1 class=\"entry-title\"><a href=\"http:\/\/cmc.cyclesetsports.free.fr\/?page_id=355&amp;customize_changeset_uuid=61997cbb-2999-4003-8799-628926b75ee7&amp;customize_autosaved=on&amp;customize_messenger_channel=preview-5\" target=\"_blank\" rel=\"noopener noreferrer\">Locations de v\u00e9los<\/a><\/h1>\n<h3><span style=\"color: #ff0000;\"><em>Nouvelles proc\u00e9dures pour la location:<\/em><\/span><\/h3>\n<h3>Veuillez laisser votre message, nous vous r\u00e9pondrons au plus vite.<br \/>\nMerci<\/h3>\n<p>[contact-form-7 id=\u00a0\u00bb350&Prime; title=\u00a0\u00bb<strong>R\u00e9servation de locations de v\u00e9los<\/strong>\u00ab\u00a0]<\/p>\n","protected":false},"excerpt":{"rendered":"<p>LOCATIONS DE VELOS &#8211; Demande d&rsquo;informations &#8211; Locations de v\u00e9los Nouvelles proc\u00e9dures pour la location: Veuillez laisser votre message, nous vous r\u00e9pondrons au plus vite. Merci [contact-form-7 id=\u00a0\u00bb350&Prime; title=\u00a0\u00bbR\u00e9servation de &#8230;<\/p>\n","protected":false},"author":1,"featured_media":0,"parent":0,"menu_order":0,"comment_status":"closed","ping_status":"closed","template":"","meta":{"footnotes":""},"class_list":["post-355","page","type-page","status-publish","hentry"],"_links":{"self":[{"href":"https:\/\/www.cmc-cycles.com\/index.php?rest_route=\/wp\/v2\/pages\/355","targetHints":{"allow":["GET"]}}],"collection":[{"href":"https:\/\/www.cmc-cycles.com\/index.php?rest_route=\/wp\/v2\/pages"}],"about":[{"href":"https:\/\/www.cmc-cycles.com\/index.php?rest_route=\/wp\/v2\/types\/page"}],"author":[{"embeddable":true,"href":"https:\/\/www.cmc-cycles.com\/index.php?rest_route=\/wp\/v2\/users\/1"}],"replies":[{"embeddable":true,"href":"https:\/\/www.cmc-cycles.com\/index.php?rest_route=%2Fwp%2Fv2%2Fcomments&post=355"}],"version-history":[{"count":0,"href":"https:\/\/www.cmc-cycles.com\/index.php?rest_route=\/wp\/v2\/pages\/355\/revisions"}],"wp:attachment":[{"href":"https:\/\/www.cmc-cycles.com\/index.php?rest_route=%2Fwp%2Fv2%2Fmedia&parent=355"}],"curies":[{"name":"wp","href":"https:\/\/api.w.org\/{rel}","templated":true}]}}