{"id":1003,"date":"2016-07-01T17:53:41","date_gmt":"2016-07-01T15:53:41","guid":{"rendered":"http:\/\/cldp.clamecy.free.fr\/?page_id=2"},"modified":"2026-02-21T10:08:39","modified_gmt":"2026-02-21T10:08:39","slug":"accueil-du-site","status":"publish","type":"page","link":"https:\/\/www.cmc-cycles.com\/","title":{"rendered":"Accueil"},"content":{"rendered":"<div class=\"wp-block-image\">\n<figure class=\"aligncenter size-large is-resized\"><img loading=\"lazy\" decoding=\"async\" width=\"683\" height=\"1024\" src=\"https:\/\/www.cmc-cycles.com\/wp-content\/uploads\/2026\/02\/image-683x1024.png\" alt=\"\" class=\"wp-image-1155\" style=\"aspect-ratio:0.6669937570846093;width:514px;height:auto\" srcset=\"https:\/\/www.cmc-cycles.com\/wp-content\/uploads\/2026\/02\/image-683x1024.png 683w, https:\/\/www.cmc-cycles.com\/wp-content\/uploads\/2026\/02\/image-200x300.png 200w, https:\/\/www.cmc-cycles.com\/wp-content\/uploads\/2026\/02\/image-768x1152.png 768w, https:\/\/www.cmc-cycles.com\/wp-content\/uploads\/2026\/02\/image.png 800w\" sizes=\"auto, (max-width: 683px) 100vw, 683px\" \/><\/figure>\n<\/div>\n\n\n<h2 class=\"wp-block-heading\"><span style=\"color: #0000ff;\"><strong>HORAIRES<\/strong><\/span><\/h2>\n\n\n\n<p><em>Le magasin est ouvert :<\/em><\/p>\n\n\n\n<p><strong><em>Du Mardi au Samedi inclus<\/em><\/strong><\/p>\n\n\n\n<h6 class=\"wp-block-heading\">Le magasin est situ\u00e9 en centre ville, face \u00e0 l\u2019Office de Tourisme de Clamecy ( 58500 ).<\/h6>\n\n\n\n<h6 class=\"wp-block-heading\">45 km au sud d&rsquo;Auxerre, 25 km \u00e0 l&rsquo;ouest de V\u00e9zelay et 39 km \u00e0 l&rsquo;est de Gu\u00e9d\u00e9lon, le long du Canal du Nivernais.<\/h6>\n\n\n\n<h3 class=\"wp-block-heading\"><strong>47\u00b027&rsquo;31.8&Prime;N &#8211; 3\u00b031&rsquo;09.2&Prime;E<\/strong><\/h3>\n\n\n\n<p><\/p>\n\n\n\n<p><strong><a style=\"color: #ff0000;\" rel=\"noopener noreferrer\" href=\"https:\/\/www.google.fr\/search?client=opera&amp;q=cmc%20cycles%20clamecy&amp;sourceid=opera&amp;ie=UTF-8&amp;oe=UTF-8&amp;hs=MGm&amp;npsic=0&amp;rflfq=1&amp;rlha=0&amp;rllag=47458819,3519190,0&amp;tbm=lcl&amp;rldimm=17294827560289354576&amp;ved=0ahUKEwiVtOuNw_3XAhUJIcAKHTt0B-gQvS4IOjAA&amp;rldoc=1&amp;tbs=lrf:!2m1!1e2!3sIAE,lf:1,lf_ui:10#\" target=\"_blank\">Sur Google ici<\/a><\/strong><\/p>\n\n\n\n<h2 class=\"wp-block-heading\">Le marquage des v\u00e9los devient obligatoire :<\/h2>\n\n\n\n<h4 class=\"wp-block-heading has-vivid-cyan-blue-color has-text-color\"><strong>Le marquage antivol est effectu\u00e9 par nos soins sur rendez-vous<\/strong><\/h4>\n\n\n\n<p class=\"has-vivid-cyan-blue-color has-text-color\"><\/p>\n\n\n\n<p><iframe loading=\"lazy\" title=\"APIC 1080x1080px B 8&#039;\" width=\"750\" height=\"563\" src=\"https:\/\/www.youtube.com\/embed\/oBSbuakwFqM?feature=oembed\" frameborder=\"0\" allow=\"accelerometer; autoplay; clipboard-write; encrypted-media; gyroscope; picture-in-picture; web-share\" referrerpolicy=\"strict-origin-when-cross-origin\" allowfullscreen><\/iframe><\/p>\n\n\n\n<hr class=\"wp-block-separator has-alpha-channel-opacity\"\/>\n\n\n\n<h1 class=\"wp-block-heading has-vivid-cyan-blue-color has-text-color\"><strong><a href=\"http:\/\/cmc.cyclesetsports.free.fr\/?page_id=313\" target=\"_blank\" rel=\"noreferrer noopener\">DEPOTS VENTES<\/a><\/strong><\/h1>\n\n\n\n<p><a href=\"http:\/\/cmc.cyclesetsports.free.fr\/?page_id=313\" target=\"_blank\" rel=\"noreferrer noopener\">Nouvelles arriv\u00e9es au D\u00e9p\u00f4t Vente <\/a><\/p>\n\n\n\n<h1 class=\"wp-block-heading\"><a href=\"http:\/\/cmc.cyclesetsports.free.fr\/?p=774\" target=\"_blank\" rel=\"noopener\"><span style=\"color: #000080;\">Prot\u00e9ger son VAE<\/span><\/a><\/h1>\n\n\n\n<h3 class=\"wp-block-heading\"><span style=\"color: #ff00ff;\"><em>Comment prot\u00e9ger son VAE contre le vol&#8230;<\/em><\/span><\/h3>\n\n\n\n<hr class=\"wp-block-separator has-alpha-channel-opacity\"\/>\n\n\n\n<h1 class=\"wp-block-heading\"><a href=\"http:\/\/cmc.cyclesetsports.free.fr\/?page_id=355\" target=\"_blank\" rel=\"noopener noreferrer\"><span style=\"color: #000080;\">Locations de v\u00e9los<\/span><\/a><\/h1>\n\n\n\n<h3 class=\"wp-block-heading\"><span style=\"color: #ff00ff;\"><em><span style=\"color: #ff00ff;\">Nouvelles proc\u00e9dures pour la location&#8230;<\/span><\/em><\/span><\/h3>\n\n\n\n<hr class=\"wp-block-separator has-alpha-channel-opacity\"\/>\n\n\n\n<h1 class=\"wp-block-heading\"><a href=\"https:\/\/cote-velo.fr\/\" target=\"_blank\" rel=\"noopener noreferrer\"><span style=\"color: #000080;\">Estimer son v\u00e9lo<\/span><\/a><\/h1>\n\n\n\n<h3 class=\"wp-block-heading\"><span style=\"color: #800080;\"><em>Vous pouvez estimer la valeur de votre v\u00e9lo en cliquant sur <a style=\"color: #800080;\" rel=\"noopener noreferrer\" href=\"https:\/\/cote-velo.fr\/\" target=\"_blank\">CE LIEN<\/a><\/em><\/span><\/h3>\n\n\n\n<hr class=\"wp-block-separator has-alpha-channel-opacity\"\/>\n\n\n\n<h1 class=\"wp-block-heading\"><a href=\"https:\/\/www.o2feel.com\/content\/17-documentations\" target=\"_blank\" rel=\"noopener noreferrer\"><span style=\"color: #000080;\">O2feel :<\/span><\/a><br><span style=\"color: #000080;\"><a style=\"color: #000080;\" href=\"https:\/\/www.o2feel.com\/content\/17-documentations\" target=\"_blank\" rel=\"noopener\"><i>Feel the Motion<\/i><\/a><\/span><\/h1>\n\n\n\n<h3 class=\"wp-block-heading\"><em><span style=\"color: #800080;\">Que ce soit lors de l\u2019achat, apr\u00e8s celui-ci ou m\u00eame avant l\u2019achat d\u2019un v\u00e9lo \u00e0 assistance \u00e9lectrique<\/span><\/em>, <em>l\u2019 acc\u00e8s \u00e0 une bonne documentation est primordial !<\/em><\/h3>\n\n\n\n<p><\/p>\n\n\n\n<hr class=\"wp-block-separator has-alpha-channel-opacity\"\/>\n\n\n\n<h1 class=\"wp-block-heading\"><span style=\"color: #000080;\"><a style=\"color: #000080;\" rel=\"noopener noreferrer\" href=\"https:\/\/shop.cycles-lapierre.fr\/promotions\" target=\"_blank\"><strong>LAPIERRE :<br><em>La meilleure offre en ligne, le service magasin en <span class=\"plus\">+<\/span><\/em><\/strong><\/a><\/span><\/h1>\n\n\n\n<div class=\"views-field views-field-body\">\n<div class=\"field-content\">\n<p>Retrouvez notre gamme de v\u00e9lo \u00e9lectrique en promotion pour cette rentr\u00e9e.<br>Lapierre, pionnier dans la fabrication de v\u00e9lo \u00e9lectrique urbain et sportif, sait aussi mettre le meilleur de la technologie \u00e0 prix doux.<\/p>\n<h2>&nbsp;<\/h2>\n<h2><a style=\"color: #ff0000;\" href=\"http:\/\/www.cycles-lapierre.fr\/gamme\/2017\/e-bikes\" target=\"_blank\" rel=\"noopener noreferrer\">V\u00e9los \u00e0 Assistance \u00e9lectrique:<\/a><\/h2>\n<\/div>\n<\/div>\n\n\n\n<h2 class=\"wp-block-heading\"><strong><span style=\"color: #0000ff;\">VELO TOUT TERRAIN ELECTRIQUE<\/span><\/strong><\/h2>\n\n\n\n<figure class=\"wp-block-image\"><img decoding=\"async\" src=\"https:\/\/lapierre-shopware.accell.cloud\/thumbnail\/5a\/d1\/fd\/1606914104\/Spicy%206.9%20-%20View%20(1)_2048x2048.jpg\" alt=\"\"\/><\/figure>\n\n\n\n<p>La gamme Overvolt, v\u00e9los tout terrain&nbsp;\u00e0 assistance \u00e9lectrique.<\/p>\n\n\n\n<p>Un large choix de v\u00e9los&nbsp;pour toutes les pratiques.<\/p>\n\n\n\n<p>Du loisir \u00e0 la comp\u00e9tition en passant par l&rsquo;enduro, tout le savoir-faire Lapierre se trouve dans la gamme Overvolt.<\/p>\n\n\n\n<h3 class=\"wp-block-heading\"><span style=\"color: #ff0000;\"><strong><a style=\"color: #ff0000;\" href=\"https:\/\/shop.cycles-lapierre.fr\/electriques?_ga=2.38040353.363760969.1548151029-1094939385.1548151029\" target=\"_blank\" rel=\"noopener noreferrer\">Le lien direct VTT AE<\/a><\/strong><\/span><\/h3>\n\n\n\n<hr class=\"wp-block-separator has-alpha-channel-opacity\"\/>\n\n\n\n<h3 class=\"wp-block-heading\"><a href=\"https:\/\/www.lapierrebikes.com\/fr-fr\/v\/velos-de-route\/\" target=\"_blank\" rel=\"noopener noreferrer\">Route:<\/a><\/h3>\n\n\n\n<figure class=\"wp-block-image\"><img decoding=\"async\" src=\"https:\/\/lapierre-shopware.accell.cloud\/thumbnail\/ab\/0a\/de\/1604482983\/eSensium-500_1920x1920.jpg\" alt=\"\"\/><\/figure>\n\n\n\n<p>La gamme de v\u00e9lo&nbsp;pour la route goudronn\u00e9e, du loisir \u00e0 la comp\u00e9tition, confort, endurance ou performance.<\/p>\n\n\n\n<h3 class=\"wp-block-heading\"><span style=\"color: #800000;\"><strong><a style=\"color: #800000;\" href=\"https:\/\/shop.cycles-lapierre.fr\/route?_ga=2.98253469.363760969.1548151029-1094939385.1548151029\" target=\"_blank\" rel=\"noopener noreferrer\"><span style=\"color: #ff0000;\">Le lien direct Route<\/span><\/a><\/strong><\/span><\/h3>\n\n\n\n<hr class=\"wp-block-separator has-alpha-channel-opacity\"\/>\n\n\n\n<h1 class=\"wp-block-heading\"><a href=\"https:\/\/shop.cycles-lapierre.fr\/lifestyle\">VELO URBAIN ELECTRIQUE<\/a>:<\/h1>\n\n\n\n<p>La gamme Overvolt de v\u00e9los \u00e0 assistances \u00e9lectriques, pour les trajets urbains, quotidiens, professionnels ou les balades dominicales, tous les trajets \u00e0 la port\u00e9e de l&rsquo;assistance \u00e9lectrique.<\/p>\n\n\n\n<h3 class=\"wp-block-heading\"><span style=\"color: #ff0000;\"><strong><a style=\"color: #ff0000;\" href=\"https:\/\/shop.cycles-lapierre.fr\/lifestyle?_ga=2.60495279.363760969.1548151029-1094939385.1548151029\" target=\"_blank\" rel=\"noopener noreferrer\"><span style=\"color: #ff0000;\">Lien direct V\u00e9los Urbains<\/span><\/a><\/strong><\/span><\/h3>\n\n\n\n<figure class=\"wp-block-image\"><img decoding=\"async\" src=\"https:\/\/lapierre-shopware.accell.cloud\/thumbnail\/c8\/5e\/ac\/1604504500\/Overvolt-Explorer-7.5-side_1920x1920.jpg\" alt=\"\"\/><\/figure>\n\n\n\n<hr class=\"wp-block-separator has-alpha-channel-opacity\"\/>\n\n\n\n<div class=\"views-field views-field-title\">&nbsp;<\/div>\n\n\n\n<div class=\"views-field views-field-body\">\n<div class=\"field-content\">\n<div class=\"views-field views-field-body\">\n<div class=\"field-content\">&nbsp;<\/div>\n<\/div>\n<\/div>\n<\/div>\n","protected":false},"excerpt":{"rendered":"<p>HORAIRES Le magasin est ouvert : Du Mardi au Samedi inclus Le magasin est situ\u00e9 en centre ville, face \u00e0 l\u2019Office de Tourisme de Clamecy ( 58500 ). 45 km &#8230;<\/p>\n","protected":false},"author":1,"featured_media":1155,"parent":0,"menu_order":0,"comment_status":"closed","ping_status":"closed","template":"template-frontpage.php","meta":{"footnotes":""},"class_list":["post-1003","page","type-page","status-publish","has-post-thumbnail","hentry"],"_links":{"self":[{"href":"https:\/\/www.cmc-cycles.com\/index.php?rest_route=\/wp\/v2\/pages\/1003","targetHints":{"allow":["GET"]}}],"collection":[{"href":"https:\/\/www.cmc-cycles.com\/index.php?rest_route=\/wp\/v2\/pages"}],"about":[{"href":"https:\/\/www.cmc-cycles.com\/index.php?rest_route=\/wp\/v2\/types\/page"}],"author":[{"embeddable":true,"href":"https:\/\/www.cmc-cycles.com\/index.php?rest_route=\/wp\/v2\/users\/1"}],"replies":[{"embeddable":true,"href":"https:\/\/www.cmc-cycles.com\/index.php?rest_route=%2Fwp%2Fv2%2Fcomments&post=1003"}],"version-history":[{"count":12,"href":"https:\/\/www.cmc-cycles.com\/index.php?rest_route=\/wp\/v2\/pages\/1003\/revisions"}],"predecessor-version":[{"id":1222,"href":"https:\/\/www.cmc-cycles.com\/index.php?rest_route=\/wp\/v2\/pages\/1003\/revisions\/1222"}],"wp:featuredmedia":[{"embeddable":true,"href":"https:\/\/www.cmc-cycles.com\/index.php?rest_route=\/wp\/v2\/media\/1155"}],"wp:attachment":[{"href":"https:\/\/www.cmc-cycles.com\/index.php?rest_route=%2Fwp%2Fv2%2Fmedia&parent=1003"}],"curies":[{"name":"wp","href":"https:\/\/api.w.org\/{rel}","templated":true}]}}